{"id":173,"date":"2021-03-13T19:20:40","date_gmt":"2021-03-13T19:20:40","guid":{"rendered":"https:\/\/cenes.com.co\/?page_id=173"},"modified":"2021-03-13T19:20:40","modified_gmt":"2021-03-13T19:20:40","slug":"acerca-de-nosotros","status":"publish","type":"page","link":"https:\/\/cenes.com.co\/?page_id=173","title":{"rendered":"Acerca de Nosotros"},"content":{"rendered":"\n<h3 class=\"has-vivid-cyan-blue-color has-text-color wp-block-heading\"><strong>Misi\u00f3n<\/strong><\/h3>\n\n\n\n<p>El centro de estudios neurol\u00f3gicos de Santander trabaja por mejorar la atenci\u00f3n de pacientes con enfermedades neurol\u00f3gicas y as\u00ed brindar la oportunidad de una mejor calidad de vida.<br>La atenci\u00f3n tiene los pilares de integralidad basada en el humanismo y la ciencia.<\/p>\n\n\n\n<p><\/p>\n\n\n\n<h3 class=\"has-vivid-cyan-blue-color has-text-color wp-block-heading\"><strong>Visi\u00f3n<\/strong><\/h3>\n\n\n\n<p>El centro de estudios neurol\u00f3gicos de Santander se perfila como una de las instituciones de referencia en el manejo de las enfermedades neurol\u00f3gicas en la regi\u00f3n<\/p>\n","protected":false},"excerpt":{"rendered":"<p>Misi\u00f3n El centro de estudios neurol\u00f3gicos de Santander trabaja por mejorar la atenci\u00f3n de pacientes con enfermedades neurol\u00f3gicas y as\u00ed brindar la oportunidad de una mejor calidad de vida.La atenci\u00f3n tiene los pilares de integralidad basada en el humanismo y la ciencia. Visi\u00f3n El centro de estudios neurol\u00f3gicos de Santander se perfila como una de [&hellip;]<\/p>\n","protected":false},"author":1,"featured_media":0,"parent":0,"menu_order":0,"comment_status":"closed","ping_status":"closed","template":"","meta":{"footnotes":""},"class_list":["post-173","page","type-page","status-publish","hentry"],"_links":{"self":[{"href":"https:\/\/cenes.com.co\/index.php?rest_route=\/wp\/v2\/pages\/173","targetHints":{"allow":["GET"]}}],"collection":[{"href":"https:\/\/cenes.com.co\/index.php?rest_route=\/wp\/v2\/pages"}],"about":[{"href":"https:\/\/cenes.com.co\/index.php?rest_route=\/wp\/v2\/types\/page"}],"author":[{"embeddable":true,"href":"https:\/\/cenes.com.co\/index.php?rest_route=\/wp\/v2\/users\/1"}],"replies":[{"embeddable":true,"href":"https:\/\/cenes.com.co\/index.php?rest_route=%2Fwp%2Fv2%2Fcomments&post=173"}],"version-history":[{"count":1,"href":"https:\/\/cenes.com.co\/index.php?rest_route=\/wp\/v2\/pages\/173\/revisions"}],"predecessor-version":[{"id":174,"href":"https:\/\/cenes.com.co\/index.php?rest_route=\/wp\/v2\/pages\/173\/revisions\/174"}],"wp:attachment":[{"href":"https:\/\/cenes.com.co\/index.php?rest_route=%2Fwp%2Fv2%2Fmedia&parent=173"}],"curies":[{"name":"wp","href":"https:\/\/api.w.org\/{rel}","templated":true}]}}