{"id":262,"date":"2021-06-07T15:55:35","date_gmt":"2021-06-07T15:55:35","guid":{"rendered":"https:\/\/cenes.com.co\/?page_id=262"},"modified":"2021-06-07T15:55:35","modified_gmt":"2021-06-07T15:55:35","slug":"derechos-y-deberes-de-los-pacientes","status":"publish","type":"page","link":"https:\/\/cenes.com.co\/?page_id=262","title":{"rendered":"Derechos y Deberes de los Pacientes"},"content":{"rendered":"<p align=\"justify\"><span style=\"font-family: Arial, serif; color: #003366;\"><span style=\"font-size: medium;\"><span lang=\"es\"><b>DERECHOS<\/b><\/span><\/span><\/span><\/p>\n<ol>\n<li><span style=\"font-family: Arial, serif;\"><span style=\"font-size: medium;\"><span lang=\"es\">Su derecho a acceder a los servicios y tecnolog\u00edas de salud que permitan una atenci\u00f3n segura, oportuna, de calidad.<\/span><\/span><\/span><\/li>\n<li>Su derecho a mantener una comunicaci\u00f3n clara y permanente con relaci\u00f3n a su estado de salud para decidir si acepta o no recibir el tratamiento indicado por el m\u00e9dico tratante<\/li>\n<li>Su derecho a recibir un trato digno que respete sus creencias y costumbres<\/li>\n<li>Su derecho a que todos los informes de la historia cl\u00ednica sean tratados de manera confidencial y conocidos por terceros con previa autorizaci\u00f3n del paciente o en los casos previstos por la ley<\/li>\n<li>Su derecho a recibir orientaci\u00f3n adecuada sobre las gestiones administrativas con la prestaci\u00f3n del servicio<\/li>\n<li>Conocer los medios y canales para presentar reclamaciones inconformidades o sugerencias sobre su experiencia en salud<\/li>\n<\/ol>\n<p align=\"justify\">\n<p align=\"justify\"><span style=\"font-family: Arial, serif;\"><span style=\"font-size: medium;\"><span lang=\"es\"><b><span style=\"color: #003366;\">DEBERES<\/span> <\/b><\/span><\/span><\/span><\/p>\n<ol>\n<li>\n<p align=\"justify\"><span style=\"font-family: Arial, serif;\"><span style=\"font-size: medium;\"><span lang=\"es\">Actuar de manera solidaria ante situaciones que pongan en peligro la vida o la salud de las personas.<\/span><\/span><\/span><\/p>\n<\/li>\n<li>\n<p align=\"justify\"><span style=\"font-family: Arial, serif;\"><span style=\"font-size: medium;\"><span lang=\"es\">Tratar con respeto y cortes\u00eda al personal que le brinda la atenci\u00f3n dentro de las instalaciones de CENES.<\/span><\/span><\/span><\/p>\n<\/li>\n<li>\n<p align=\"justify\"><span style=\"font-family: Arial, serif;\"><span style=\"font-size: medium;\"><span lang=\"es\">Usar adecuada y racionalmente los recursos que le brinda el sistema de salud y cumplir sus normas.<\/span><\/span><\/span><\/p>\n<\/li>\n<li>\n<p align=\"justify\"><span style=\"font-family: Arial, serif;\"><span style=\"font-size: medium;\"><span lang=\"es\">Suministrar al m\u00e9dico tratante de manera oportuna y suficiente la informaci\u00f3n completa y detallada de antecedentes m\u00e9dicos, s\u00edntomas, enfermedades pasadas, medicamentos, y dem\u00e1s informaci\u00f3n que permita una atenci\u00f3n eficaz.<\/span><\/span><\/span><\/p>\n<\/li>\n<li>\n<p align=\"justify\"><span style=\"font-family: Arial, serif;\"><span style=\"font-size: medium;\"><span lang=\"es\">Firmar el disentimiento en caso de no aceptaci\u00f3n del tratamiento sugerido por el m\u00e9dico tratante.<\/span><\/span><\/span><\/p>\n<\/li>\n<li>\n<p align=\"justify\"><span style=\"font-family: Arial, serif;\"><span style=\"font-size: medium;\"><span lang=\"es\">Abstenerse de fumar dentro de las instalaciones de CENES como medida de autocuidado.<\/span><\/span><\/span><\/p>\n<\/li>\n<li>\n<p align=\"justify\"><span style=\"font-family: Arial, serif;\"><span style=\"font-size: medium;\"><span lang=\"es\">Asistir puntualmente a las citas y procedimientos programados.<\/span><\/span><\/span><\/p>\n<\/li>\n<\/ol>\n","protected":false},"excerpt":{"rendered":"<p>DERECHOS Su derecho a acceder a los servicios y tecnolog\u00edas de salud que permitan una atenci\u00f3n segura, oportuna, de calidad. Su derecho a mantener una comunicaci\u00f3n clara y permanente con relaci\u00f3n a su estado de salud para decidir si acepta o no recibir el tratamiento indicado por el m\u00e9dico tratante Su derecho a recibir un [&hellip;]<\/p>\n","protected":false},"author":2,"featured_media":0,"parent":0,"menu_order":0,"comment_status":"closed","ping_status":"closed","template":"","meta":{"footnotes":""},"class_list":["post-262","page","type-page","status-publish","hentry"],"_links":{"self":[{"href":"https:\/\/cenes.com.co\/index.php?rest_route=\/wp\/v2\/pages\/262","targetHints":{"allow":["GET"]}}],"collection":[{"href":"https:\/\/cenes.com.co\/index.php?rest_route=\/wp\/v2\/pages"}],"about":[{"href":"https:\/\/cenes.com.co\/index.php?rest_route=\/wp\/v2\/types\/page"}],"author":[{"embeddable":true,"href":"https:\/\/cenes.com.co\/index.php?rest_route=\/wp\/v2\/users\/2"}],"replies":[{"embeddable":true,"href":"https:\/\/cenes.com.co\/index.php?rest_route=%2Fwp%2Fv2%2Fcomments&post=262"}],"version-history":[{"count":1,"href":"https:\/\/cenes.com.co\/index.php?rest_route=\/wp\/v2\/pages\/262\/revisions"}],"predecessor-version":[{"id":263,"href":"https:\/\/cenes.com.co\/index.php?rest_route=\/wp\/v2\/pages\/262\/revisions\/263"}],"wp:attachment":[{"href":"https:\/\/cenes.com.co\/index.php?rest_route=%2Fwp%2Fv2%2Fmedia&parent=262"}],"curies":[{"name":"wp","href":"https:\/\/api.w.org\/{rel}","templated":true}]}}