{"id":5,"date":"2021-03-04T16:33:48","date_gmt":"2021-03-04T16:33:48","guid":{"rendered":"http:\/\/cenes.com.co\/?page_id=5"},"modified":"2024-12-06T15:54:00","modified_gmt":"2024-12-06T15:54:00","slug":"create-your-website-with-blocks","status":"publish","type":"page","link":"https:\/\/cenes.com.co\/","title":{"rendered":"Estamos Actualizando Nuestro Portal"},"content":{"rendered":"\r\n<div class=\"wp-block-spacer\" style=\"height: 100px;\" aria-hidden=\"true\"><img loading=\"lazy\" decoding=\"async\" width=\"70\" height=\"57\" class=\"wp-image-49\" style=\"width: 70px;\" src=\"https:\/\/cenes.com.co\/wp-content\/uploads\/2021\/03\/Screenshot-2021-03-13-111104.png\" alt=\"\" srcset=\"https:\/\/cenes.com.co\/wp-content\/uploads\/2021\/03\/Screenshot-2021-03-13-111104.png 663w, https:\/\/cenes.com.co\/wp-content\/uploads\/2021\/03\/Screenshot-2021-03-13-111104-300x244.png 300w\" sizes=\"auto, (max-width: 70px) 100vw, 70px\" \/> Servicios Ofertados<\/div>\r\n<div class=\"wp-block-columns alignwide are-vertically-aligned-top\">\r\n<div class=\"wp-block-column is-vertically-aligned-top\">\r\n<ul>\r\n<li>Electroencefalograf\u00eda Computarizada<\/li>\r\n<\/ul>\r\n<ul>\r\n<li>Electroencefalograf\u00eda Computarizada con Mapeo Cerebral<\/li>\r\n<li>Monitorizaci\u00f3n Electroencefalogr\u00e1fica por V\u00eddeo<\/li>\r\n<li>Consulta de Neurolog\u00eda<\/li>\r\n<\/ul>\r\n<p>&nbsp;<\/p>\r\n<h3 class=\"wp-block-heading\"><img loading=\"lazy\" decoding=\"async\" width=\"70\" height=\"65\" class=\"wp-image-48\" style=\"width: 70px;\" src=\"https:\/\/cenes.com.co\/wp-content\/uploads\/2021\/03\/Screenshot-2021-03-13-111041.png\" alt=\"\" srcset=\"https:\/\/cenes.com.co\/wp-content\/uploads\/2021\/03\/Screenshot-2021-03-13-111041.png 1045w, https:\/\/cenes.com.co\/wp-content\/uploads\/2021\/03\/Screenshot-2021-03-13-111041-300x278.png 300w, https:\/\/cenes.com.co\/wp-content\/uploads\/2021\/03\/Screenshot-2021-03-13-111041-1024x949.png 1024w, https:\/\/cenes.com.co\/wp-content\/uploads\/2021\/03\/Screenshot-2021-03-13-111041-768x711.png 768w\" sizes=\"auto, (max-width: 70px) 100vw, 70px\" \/> Resultados<\/h3>\r\n<p>Cada d\u00eda nos esforzamos para que tus resultados sean entregados m\u00e1s r\u00e1pido y en forma digital, en pr\u00f3ximas semanas incluso podr\u00e1s descargarlos de nuestro portal. Por ahora seguiremos envi\u00e1ndolos a t\u00fa correo electr\u00f3nico, evitando traslado o exposici\u00f3n en esta \u00e9poca de pandemia. <a href=\"https:\/\/cenes.com.co\/?page_id=229\" data-type=\"page\" data-id=\"59\">Quiero solicitar mis resultados<\/a><\/p>\r\n<p>&nbsp;<\/p>\r\n<h3><img loading=\"lazy\" decoding=\"async\" width=\"70\" height=\"46\" class=\"wp-image-51\" style=\"width: 70px;\" src=\"https:\/\/cenes.com.co\/wp-content\/uploads\/2021\/03\/Screenshot-2021-03-13-111257.png\" alt=\"\" srcset=\"https:\/\/cenes.com.co\/wp-content\/uploads\/2021\/03\/Screenshot-2021-03-13-111257.png 707w, https:\/\/cenes.com.co\/wp-content\/uploads\/2021\/03\/Screenshot-2021-03-13-111257-300x198.png 300w\" sizes=\"auto, (max-width: 70px) 100vw, 70px\" \/> Protecci\u00f3n de Datos<\/h3>\r\n<p>No compartimos, no vendemos, no usamos inadecuadamente tus datos personales, ac\u00e1 encuentras nuestra <a href=\"https:\/\/app.box.com\/s\/xm9jf294q6ud9tb5t07egeem4z2pzeli\" target=\"_blank\" rel=\"noreferrer noopener\" data-type=\"URL\" data-id=\"https:\/\/app.box.com\/s\/xm9jf294q6ud9tb5t07egeem4z2pzeli\">pol\u00edtica de protecci\u00f3n de datos. <\/a><\/p>\r\n<\/div>\r\n<div class=\"wp-block-column is-vertically-aligned-top\">\r\n<h3>Como Obtener una Cita<\/h3>\r\n<p>Puedes Contactarnos as\u00ed<\/p>\r\n<p><img loading=\"lazy\" decoding=\"async\" class=\" wp-image-255 alignleft\" src=\"https:\/\/cenes.com.co\/wp-content\/uploads\/2021\/05\/Captura-de-Pantalla-2021-05-13-a-las-4.00.50-p.-m.-150x150.png\" alt=\"\" width=\"46\" height=\"46\" srcset=\"https:\/\/cenes.com.co\/wp-content\/uploads\/2021\/05\/Captura-de-Pantalla-2021-05-13-a-las-4.00.50-p.-m.-150x150.png 150w, https:\/\/cenes.com.co\/wp-content\/uploads\/2021\/05\/Captura-de-Pantalla-2021-05-13-a-las-4.00.50-p.-m.-160x160.png 160w\" sizes=\"auto, (max-width: 46px) 100vw, 46px\" \/><\/p>\r\n<p>&nbsp;<\/p>\r\n<p><a href=\"https:\/\/cenes.com.co\/?page_id=61\">Solicitud por la P\u00e1gina<\/a><\/p>\r\n<p><img loading=\"lazy\" decoding=\"async\" width=\"50\" height=\"53\" class=\"wp-image-31\" style=\"width: 50px;\" src=\"https:\/\/cenes.com.co\/wp-content\/uploads\/2021\/03\/phone-thin-line-icon-vector-15729944.jpg\" alt=\"\" \/>Directo\u00a0 <a href=\"tel:+6076842340\">6076842340<\/a><\/p>\r\n<p><img loading=\"lazy\" decoding=\"async\" width=\"50\" height=\"53\" class=\"wp-image-32\" style=\"width: 50px;\" src=\"https:\/\/cenes.com.co\/wp-content\/uploads\/2021\/03\/iphone-x-dummy-frame-vector-24846937.jpg\" alt=\"\" \/>Celular <a href=\"tel:+3016626398\">3016626398<\/a><\/p>\r\n<p><img loading=\"lazy\" decoding=\"async\" width=\"50\" height=\"53\" class=\"wp-image-33\" style=\"width: 50px;\" src=\"https:\/\/cenes.com.co\/wp-content\/uploads\/2021\/03\/whatsapp-logo-icon-social-media-symbol-vector-26504752.jpg\" alt=\"\" \/><a href=\"https:\/\/wa.me\/573016626398\">WhatsApp<\/a><\/p>\r\n<p><img loading=\"lazy\" decoding=\"async\" width=\"70\" height=\"74\" class=\"wp-image-35\" style=\"width: 70px;\" src=\"https:\/\/cenes.com.co\/wp-content\/uploads\/2021\/03\/email-icon-on-white-background-vector-28040433.jpg\" alt=\"\" \/><a href=\"https:\/\/cenes.com.co\/?page_id=61\" data-type=\"page\" data-id=\"61\">Email<\/a><\/p>\r\n<p>&nbsp;<\/p>\r\n<h3>Otros Importantes<\/h3>\r\n<p><img loading=\"lazy\" decoding=\"async\" width=\"50\" height=\"50\" class=\"wp-image-76\" style=\"width: 50px;\" src=\"https:\/\/cenes.com.co\/wp-content\/uploads\/2021\/03\/Screenshot-2021-03-13-120455.png\" alt=\"\" srcset=\"https:\/\/cenes.com.co\/wp-content\/uploads\/2021\/03\/Screenshot-2021-03-13-120455.png 675w, https:\/\/cenes.com.co\/wp-content\/uploads\/2021\/03\/Screenshot-2021-03-13-120455-300x300.png 300w, https:\/\/cenes.com.co\/wp-content\/uploads\/2021\/03\/Screenshot-2021-03-13-120455-150x150.png 150w, https:\/\/cenes.com.co\/wp-content\/uploads\/2021\/03\/Screenshot-2021-03-13-120455-100x100.png 100w\" sizes=\"auto, (max-width: 50px) 100vw, 50px\" \/> <a href=\"https:\/\/cenes.com.co\/?page_id=72\" data-type=\"page\" data-id=\"72\">Buzon de Sugerencias<\/a><\/p>\r\n<p><img loading=\"lazy\" decoding=\"async\" width=\"50\" height=\"59\" class=\"wp-image-75\" style=\"width: 50px;\" src=\"https:\/\/cenes.com.co\/wp-content\/uploads\/2021\/03\/Screenshot-2021-03-13-120758.png\" alt=\"\" srcset=\"https:\/\/cenes.com.co\/wp-content\/uploads\/2021\/03\/Screenshot-2021-03-13-120758.png 665w, https:\/\/cenes.com.co\/wp-content\/uploads\/2021\/03\/Screenshot-2021-03-13-120758-255x300.png 255w\" sizes=\"auto, (max-width: 50px) 100vw, 50px\" \/> <a href=\"https:\/\/forms.office.com\/Pages\/ResponsePage.aspx?id=pUPrhW26XUyzdl2TXNIO4XLFbmr5GDRCrJKVpyTez71UMEJQNVJFRkxGVTJQSUQ4RDNHUzVJTzZSNS4u\" target=\"_blank\" rel=\"noreferrer noopener\" data-type=\"URL\" data-id=\"https:\/\/forms.office.com\/Pages\/ResponsePage.aspx?id=pUPrhW26XUyzdl2TXNIO4XLFbmr5GDRCrJKVpyTez71UMEJQNVJFRkxGVTJQSUQ4RDNHUzVJTzZSNS4u\">Encuesta de Satisfacci\u00f3n<\/a><\/p>\r\n<\/div>\r\n<\/div>\r\n<p>&nbsp;<\/p>\r\n\r\n\r\n\r\n<p>&nbsp;<\/p>\r\n\r\n\r\n\r\n<p>&nbsp;<\/p>\r\n\r\n\r\n\r\n<p>&nbsp;<\/p>\r\n\r\n\r\n\r\n<p>&nbsp;<\/p>\r\n\r\n\r\n\r\n<p>&nbsp;<\/p>\r\n\r\n\r\n\r\n<p>&nbsp;<\/p>\r\n\r\n\r\n\r\n<p>&nbsp;<\/p>\r\n\r\n\r\n\r\n<p class=\"has-text-align-right\">CENES | SAO Inversionistas SAS | NIT 900421-745-1 | Floridablanca | Santander | Colombia | <a href=\"https:\/\/cenes.com.co\/?page_id=163\" data-type=\"page\" data-id=\"163\">Direcci\u00f3n de Notificaciones<\/a> | <a href=\"https:\/\/cenes.com.co\/?page_id=262\">Derechos y Deberes del Paciente<\/a><\/p>\r\n","protected":false},"excerpt":{"rendered":"<p>Servicios Ofertados Electroencefalograf\u00eda Computarizada Electroencefalograf\u00eda Computarizada con Mapeo Cerebral Monitorizaci\u00f3n Electroencefalogr\u00e1fica por V\u00eddeo Consulta de Neurolog\u00eda &nbsp; Resultados Cada d\u00eda nos esforzamos para que tus resultados sean entregados m\u00e1s r\u00e1pido y en forma digital, en pr\u00f3ximas semanas incluso podr\u00e1s descargarlos de nuestro portal. Por ahora seguiremos envi\u00e1ndolos a t\u00fa correo electr\u00f3nico, evitando traslado o exposici\u00f3n [&hellip;]<\/p>\n","protected":false},"author":1,"featured_media":0,"parent":0,"menu_order":0,"comment_status":"closed","ping_status":"closed","template":"","meta":{"footnotes":""},"class_list":["post-5","page","type-page","status-publish","hentry"],"_links":{"self":[{"href":"https:\/\/cenes.com.co\/index.php?rest_route=\/wp\/v2\/pages\/5","targetHints":{"allow":["GET"]}}],"collection":[{"href":"https:\/\/cenes.com.co\/index.php?rest_route=\/wp\/v2\/pages"}],"about":[{"href":"https:\/\/cenes.com.co\/index.php?rest_route=\/wp\/v2\/types\/page"}],"author":[{"embeddable":true,"href":"https:\/\/cenes.com.co\/index.php?rest_route=\/wp\/v2\/users\/1"}],"replies":[{"embeddable":true,"href":"https:\/\/cenes.com.co\/index.php?rest_route=%2Fwp%2Fv2%2Fcomments&post=5"}],"version-history":[{"count":51,"href":"https:\/\/cenes.com.co\/index.php?rest_route=\/wp\/v2\/pages\/5\/revisions"}],"predecessor-version":[{"id":289,"href":"https:\/\/cenes.com.co\/index.php?rest_route=\/wp\/v2\/pages\/5\/revisions\/289"}],"wp:attachment":[{"href":"https:\/\/cenes.com.co\/index.php?rest_route=%2Fwp%2Fv2%2Fmedia&parent=5"}],"curies":[{"name":"wp","href":"https:\/\/api.w.org\/{rel}","templated":true}]}}